{"id":6420,"date":"2025-12-01T12:16:30","date_gmt":"2025-12-01T17:16:30","guid":{"rendered":"https:\/\/lameejr.com\/?page_id=6420"},"modified":"2026-02-09T22:38:04","modified_gmt":"2026-02-10T03:38:04","slug":"empleabilidad","status":"publish","type":"page","link":"https:\/\/lameejr.com\/en\/lineas-estrategicas\/empleabilidad\/","title":{"rendered":"Employability"},"content":{"rendered":"<div data-elementor-type=\"wp-page\" data-elementor-id=\"6420\" class=\"elementor elementor-6420\" wpc-filter-elementor-widget=\"1\" data-elementor-post-type=\"page\">\n\t\t\t\t<div class=\"elementor-element elementor-element-2f644c1 e-con-full e-flex e-con e-parent\" data-id=\"2f644c1\" data-element_type=\"container\" data-e-type=\"container\" data-settings=\"{&quot;ekit_has_onepagescroll_dot&quot;:&quot;yes&quot;}\">\n\t\t\t\t<div class=\"elementor-element elementor-element-4cbacac elementor-widget elementor-widget-spacer\" data-id=\"4cbacac\" data-element_type=\"widget\" data-e-type=\"widget\" data-settings=\"{&quot;ekit_we_effect_on&quot;:&quot;none&quot;}\" data-widget_type=\"spacer.default\">\n\t\t\t\t<div class=\"elementor-widget-container\">\n\t\t\t\t\t\t\t<div class=\"elementor-spacer\">\n\t\t\t<div class=\"elementor-spacer-inner\"><\/div>\n\t\t<\/div>\n\t\t\t\t\t\t<\/div>\n\t\t\t\t<\/div>\n\t\t\t\t<\/div>\n\t\t<div class=\"elementor-element elementor-element-f8ca635 e-flex e-con-boxed e-con e-parent\" data-id=\"f8ca635\" data-element_type=\"container\" data-e-type=\"container\" data-settings=\"{&quot;ekit_has_onepagescroll_dot&quot;:&quot;yes&quot;}\">\n\t\t\t\t\t<div class=\"e-con-inner\">\n\t\t<div class=\"elementor-element elementor-element-eff6f9b e-flex e-con-boxed e-con e-child\" data-id=\"eff6f9b\" data-element_type=\"container\" data-e-type=\"container\" data-settings=\"{&quot;background_background&quot;:&quot;classic&quot;,&quot;ekit_has_onepagescroll_dot&quot;:&quot;yes&quot;}\">\n\t\t\t\t\t<div class=\"e-con-inner\">\n\t\t\t\t<div class=\"elementor-element elementor-element-08ca25e elementor-view-stacked elementor-shape-square elementor-widget elementor-widget-icon\" data-id=\"08ca25e\" data-element_type=\"widget\" data-e-type=\"widget\" data-settings=\"{&quot;ekit_we_effect_on&quot;:&quot;none&quot;}\" data-widget_type=\"icon.default\">\n\t\t\t\t<div class=\"elementor-widget-container\">\n\t\t\t\t\t\t\t<div class=\"elementor-icon-wrapper\">\n\t\t\t<div class=\"elementor-icon\">\n\t\t\t<svg aria-hidden=\"true\" class=\"e-font-icon-svg e-fab-black-tie\" viewbox=\"0 0 448 512\" xmlns=\"http:\/\/www.w3.org\/2000\/svg\"><path d=\"M0 32v448h448V32H0zm316.5 325.2L224 445.9l-92.5-88.7 64.5-184-64.5-86.6h184.9L252 173.2l64.5 184z\"><\/path><\/svg>\t\t\t<\/div>\n\t\t<\/div>\n\t\t\t\t\t\t<\/div>\n\t\t\t\t<\/div>\n\t\t\t\t<div class=\"elementor-element elementor-element-d9bdc94 elementor-widget-divider--view-line elementor-widget elementor-widget-divider\" data-id=\"d9bdc94\" data-element_type=\"widget\" data-e-type=\"widget\" data-settings=\"{&quot;ekit_we_effect_on&quot;:&quot;none&quot;}\" data-widget_type=\"divider.default\">\n\t\t\t\t<div class=\"elementor-widget-container\">\n\t\t\t\t\t\t\t<div class=\"elementor-divider\">\n\t\t\t<span class=\"elementor-divider-separator\">\n\t\t\t\t\t\t<\/span>\n\t\t<\/div>\n\t\t\t\t\t\t<\/div>\n\t\t\t\t<\/div>\n\t\t\t\t<div class=\"elementor-element elementor-element-89de750 elementor-widget-tablet__width-initial elementor-invisible elementor-widget elementor-widget-heading\" data-id=\"89de750\" data-element_type=\"widget\" data-e-type=\"widget\" data-settings=\"{&quot;_animation&quot;:&quot;zoomInLeft&quot;,&quot;ekit_we_effect_on&quot;:&quot;none&quot;}\" data-widget_type=\"heading.default\">\n\t\t\t\t<div class=\"elementor-widget-container\">\n\t\t\t\t\t<h3 class=\"elementor-heading-title elementor-size-default\">Employability<\/h3>\t\t\t\t<\/div>\n\t\t\t\t<\/div>\n\t\t\t\t<div class=\"elementor-element elementor-element-12b7ebc elementor--h-position-center elementor--v-position-middle elementor-arrows-position-inside elementor-pagination-position-inside elementor-widget elementor-widget-slides\" data-id=\"12b7ebc\" data-element_type=\"widget\" data-e-type=\"widget\" data-settings=\"{&quot;navigation&quot;:&quot;both&quot;,&quot;autoplay&quot;:&quot;yes&quot;,&quot;pause_on_hover&quot;:&quot;yes&quot;,&quot;pause_on_interaction&quot;:&quot;yes&quot;,&quot;autoplay_speed&quot;:5000,&quot;infinite&quot;:&quot;yes&quot;,&quot;transition&quot;:&quot;slide&quot;,&quot;transition_speed&quot;:500,&quot;ekit_we_effect_on&quot;:&quot;none&quot;}\" data-widget_type=\"slides.default\">\n\t\t\t\t<div class=\"elementor-widget-container\">\n\t\t\t\t\t\t\t\t\t<div class=\"elementor-swiper\">\n\t\t\t\t\t<div class=\"elementor-slides-wrapper elementor-main-swiper swiper\" role=\"region\" aria-roledescription=\"carousel\" aria-label=\"Slides\" dir=\"ltr\" data-animation=\"fadeInUp\">\n\t\t\t\t<div class=\"swiper-wrapper elementor-slides\">\n\t\t\t\t\t\t\t\t\t\t<div class=\"elementor-repeater-item-52f9173 swiper-slide\" role=\"group\" aria-roledescription=\"slide\"><div class=\"swiper-slide-bg\" role=\"img\" aria-label=\"encuentro-palmira-\"><\/div><div class=\"swiper-slide-inner\" ><div class=\"swiper-slide-contents\"><\/div><\/div><\/div><div class=\"elementor-repeater-item-4144f84 swiper-slide\" role=\"group\" aria-roledescription=\"slide\"><div class=\"swiper-slide-bg\" role=\"img\" aria-label=\"IMG_0782\"><\/div><div class=\"swiper-slide-inner\" ><div class=\"swiper-slide-contents\"><\/div><\/div><\/div>\t\t\t\t<\/div>\n\t\t\t\t\t\t\t\t\t\t\t\t\t\t\t<div class=\"elementor-swiper-button elementor-swiper-button-prev\" role=\"button\" tabindex=\"0\" aria-label=\"Previous slide\">\n\t\t\t\t\t\t\t<svg aria-hidden=\"true\" class=\"e-font-icon-svg e-eicon-chevron-left\" viewbox=\"0 0 1000 1000\" xmlns=\"http:\/\/www.w3.org\/2000\/svg\"><path d=\"M646 125C629 125 613 133 604 142L308 442C296 454 292 471 292 487 292 504 296 521 308 533L604 854C617 867 629 875 646 875 663 875 679 871 692 858 704 846 713 829 713 812 713 796 708 779 692 767L438 487 692 225C700 217 708 204 708 187 708 171 704 154 692 142 675 129 663 125 646 125Z\"><\/path><\/svg>\t\t\t\t\t\t<\/div>\n\t\t\t\t\t\t<div class=\"elementor-swiper-button elementor-swiper-button-next\" role=\"button\" tabindex=\"0\" aria-label=\"Next slide\">\n\t\t\t\t\t\t\t<svg aria-hidden=\"true\" class=\"e-font-icon-svg e-eicon-chevron-right\" viewbox=\"0 0 1000 1000\" xmlns=\"http:\/\/www.w3.org\/2000\/svg\"><path d=\"M696 533C708 521 713 504 713 487 713 471 708 454 696 446L400 146C388 133 375 125 354 125 338 125 325 129 313 142 300 154 292 171 292 187 292 204 296 221 308 233L563 492 304 771C292 783 288 800 288 817 288 833 296 850 308 863 321 871 338 875 354 875 371 875 388 867 400 854L696 533Z\"><\/path><\/svg>\t\t\t\t\t\t<\/div>\n\t\t\t\t\t\t\t\t\t\t\t\t\t\t\t\t<div class=\"swiper-pagination\"><\/div>\n\t\t\t\t\t\t\t\t\t\t\t\t<\/div>\n\t\t\t\t<\/div>\n\t\t\t\t\t\t\t\t<\/div>\n\t\t\t\t<\/div>\n\t\t\t\t<div class=\"elementor-element elementor-element-d27a3fe elementor-widget elementor-widget-html\" data-id=\"d27a3fe\" data-element_type=\"widget\" data-e-type=\"widget\" data-settings=\"{&quot;ekit_we_effect_on&quot;:&quot;none&quot;}\" data-widget_type=\"html.default\">\n\t\t\t\t<div class=\"elementor-widget-container\">\n\t\t\t\t\t<!DOCTYPE html>\r\n<html lang=\"es\">\r\n<head>\r\n    <meta charset=\"UTF-8\">\r\n    <meta name=\"viewport\" content=\"width=device-width, initial-scale=1.0\">\r\n    <style>\r\n        body {\r\n            font-family: 'Arial', sans-serif;\r\n            background-color: #f0f0f0;\r\n            text-align: center;\r\n            margin: 0;\r\n            padding: 0;\r\n        }\r\n\r\n        .email-container {\r\n            display: inline-block;\r\n            padding: 10px 20px;\r\n            background-color: #fff;\r\n            border-radius: 8px;\r\n            box-shadow: 0 0 10px rgba(0, 0, 0, 0.1);\r\n            transition: color 0.3s ease-in-out;\r\n            margin: 10px;\r\n        }\r\n\r\n        .email-container a {\r\n            color: #333;\r\n            text-decoration: none;\r\n        }\r\n\r\n        .email-container:hover a {\r\n            color: #FF6633;\r\n        }\r\n    <\/style>\r\n<\/head>\r\n<body>\r\n      <div class=\"email-container\">\r\n    <p><\/p>\r\n        <p>Email: <a class=\"email\" href=\"mailto:empleabilidad@lameejr.com\">empleabilidad@lameejr.com<\/a><\/p>\r\n    <\/div>\r\n\r\n    <!-- Puedes replicar este bloque para agregar m\u00e1s correos -->\r\n\r\n<\/body>\r\n<\/html>\r\n\r\n\t\t\t\t<\/div>\n\t\t\t\t<\/div>\n\t\t\t\t<div class=\"elementor-element elementor-element-bdcfdac elementor-widget elementor-widget-text-editor\" data-id=\"bdcfdac\" data-element_type=\"widget\" data-e-type=\"widget\" data-settings=\"{&quot;ekit_we_effect_on&quot;:&quot;none&quot;}\" data-widget_type=\"text-editor.default\">\n\t\t\t\t<div class=\"elementor-widget-container\">\n\t\t\t\t\t\t\t\t\t<p>Bienvenidos a esta l\u00ednea estrat\u00e9gica donde trabajamos por el empleo digno, las oportunidades reales y el fortalecimiento econ\u00f3mico de las juventudes rurales en Colombia. Desde la MEEJR impulsamos procesos que conectan a los y las j\u00f3venes del campo con formaci\u00f3n, habilidades, herramientas y rutas laborales adaptadas a sus territorios. En 2024 desarrollamos una consultor\u00eda especializada para crear la Gu\u00eda Pr\u00e1ctica para Impulsar la Empleabilidad de J\u00f3venes Rurales en Colombia, un documento que recoge recomendaciones, aprendizajes y acciones concretas para mejorar el acceso de la juventud rural a trabajos dignos, sostenibles e inclusivos. Te invitamos a conocerla y sumarte a esta apuesta por una ruralidad con m\u00e1s oportunidades.<\/p>\t\t\t\t\t\t\t\t<\/div>\n\t\t\t\t<\/div>\n\t\t\t\t<div class=\"elementor-element elementor-element-f5cf8df elementor-widget elementor-widget-spacer\" data-id=\"f5cf8df\" data-element_type=\"widget\" data-e-type=\"widget\" data-settings=\"{&quot;ekit_we_effect_on&quot;:&quot;none&quot;}\" data-widget_type=\"spacer.default\">\n\t\t\t\t<div class=\"elementor-widget-container\">\n\t\t\t\t\t\t\t<div class=\"elementor-spacer\">\n\t\t\t<div class=\"elementor-spacer-inner\"><\/div>\n\t\t<\/div>\n\t\t\t\t\t\t<\/div>\n\t\t\t\t<\/div>\n\t\t\t\t\t<\/div>\n\t\t\t\t<\/div>\n\t\t\t\t\t<\/div>\n\t\t\t\t<\/div>\n\t\t<div class=\"elementor-element elementor-element-76f0ea7 e-flex e-con-boxed e-con e-parent\" data-id=\"76f0ea7\" data-element_type=\"container\" data-e-type=\"container\" data-settings=\"{&quot;ekit_has_onepagescroll_dot&quot;:&quot;yes&quot;}\">\n\t\t\t\t\t<div class=\"e-con-inner\">\n\t\t\t\t<div class=\"elementor-element elementor-element-46626df elementor-widget elementor-widget-shortcode\" data-id=\"46626df\" data-element_type=\"widget\" data-e-type=\"widget\" data-settings=\"{&quot;ekit_we_effect_on&quot;:&quot;none&quot;}\" data-widget_type=\"shortcode.default\">\n\t\t\t\t<div class=\"elementor-widget-container\">\n\t\t\t\t\t\t\t<div class=\"elementor-shortcode\"><style>\n.boletines-grid {\n  display: grid;\n  grid-template-columns: repeat(auto-fit, minmax(320px, 1fr));\n  gap: 30px;\n  padding: 20px;\n  justify-items: center;\n}\n\n.boletin-card {\n  background: #fff;\n  border-radius: 16px;\n  box-shadow: 0 4px 18px rgba(0, 0, 0, 0.08);\n  overflow: hidden;\n  width: 100%;\n  max-width: 500px;\n  transition: transform 0.3s ease, box-shadow 0.3s ease;\n  cursor: pointer;\n  position: relative;\n}\n\n.boletin-card:hover {\n  transform: translateY(-6px) scale(1.02);\n  box-shadow: 0 8px 28px rgba(0, 0, 0, 0.15);\n}\n\n.boletin-cover {\n  width: 100%;\n  height: 480px; \/* Portada un poco m\u00e1s grande *\/\n  background-size: cover;\n  background-position: center;\n  transition: transform 0.4s ease;\n}\n\n.boletin-card:hover .boletin-cover {\n  transform: scale(1.05);\n}\n\n.boletin-content {\n  padding: 15px;\n  text-align: center;\n}\n\n.boletin-title {\n  font-size: 1.15rem;\n  font-weight: 600;\n  margin-bottom: 6px;\n  color: #111;\n}\n\n.boletin-desc {\n  font-size: 0.9rem;\n  color: #555;\n  line-height: 1.4;\n  margin-bottom: 10px;\n}\n\n.boletin-flip {\n  display: none;\n  margin-top: 10px;\n}\n\n.boletin-card.active .boletin-flip {\n  display: block;\n}\n\n.boletin-card.active .boletin-cover {\n  display: none;\n}\n<\/style>\n\n<div class=\"boletines-grid\">\n  <div class=\"boletin-card\" onclick=\"toggleFlipbook(this)\">\n    <div class=\"boletin-cover\" style=\"background-image: url('https:\/\/lameejr.com\/wp-content\/uploads\/2025\/11\/Guia-productividad-.jpg');\"><\/div>\n    <div class=\"boletin-content\">\n      <div class=\"boletin-title\">Gu\u00eda Pr\u00e1ctica para Impulsar la\nEmpleabilidad de J\u00f3venes Rurales en\nColombia<\/div>\n      <div class=\"boletin-desc\"><br><\/div>\n      <div class=\"boletin-flip\"><div class=\"_df_book df-lite\" id=\"df_6230\"  _slug=\"guia-practica-para-impulsar-la-empleabilidad-de-jovenes-rurales-en-colombia\" data-title=\"guia-practica-para-impulsar-la-empleabilidad-de-jovenes-rurales-en-colombia\" wpoptions=\"true\" thumbtype=\"\" ><\/div><script class=\"df-shortcode-script\" nowprocket type=\"application\/javascript\">window.option_df_6230 = {\"outline\":[],\"backgroundColor\":\"#fff\",\"autoEnableOutline\":\"false\",\"autoEnableThumbnail\":\"false\",\"overwritePDFOutline\":\"false\",\"direction\":\"1\",\"pageSize\":\"0\",\"source\":\"https:\\\/\\\/lameejr.com\\\/wp-content\\\/uploads\\\/2025\\\/11\\\/ESTRATEGIA_Fortalecimiento_de_Empleabilidad_en_la_Ruralidad.pdf\",\"wpOptions\":\"true\"}; if(window.DFLIP && window.DFLIP.parseBooks){window.DFLIP.parseBooks();}<\/script><\/div>\n    <\/div>\n  <\/div>\n<\/div>\n\n<script>\nfunction toggleFlipbook(card) {\n  \/\/ Cierra los dem\u00e1s\n  document.querySelectorAll('.boletin-card').forEach(el => el.classList.remove('active'));\n  \/\/ Abre el seleccionado\n  card.classList.add('active');\n}\n<\/script><\/div>\n\t\t\t\t\t\t<\/div>\n\t\t\t\t<\/div>\n\t\t\t\t<div class=\"elementor-element elementor-element-412e39d elementor-widget elementor-widget-elementskit-heading\" data-id=\"412e39d\" data-element_type=\"widget\" data-e-type=\"widget\" data-settings=\"{&quot;ekit_we_effect_on&quot;:&quot;none&quot;}\" data-widget_type=\"elementskit-heading.default\">\n\t\t\t\t<div class=\"elementor-widget-container\">\n\t\t\t\t\t<div class=\"ekit-wid-con\" ><div class=\"ekit-heading elementskit-section-title-wraper text_center   ekit_heading_tablet-   ekit_heading_mobile-\"><h2 class=\"ekit-heading--title elementskit-section-title\">Anexo <span>sistematizaci\u00f3n<\/span><\/h2><\/div><\/div>\t\t\t\t<\/div>\n\t\t\t\t<\/div>\n\t\t\t\t<div class=\"elementor-element elementor-element-d3faa28 elementor-widget elementor-widget-shortcode\" data-id=\"d3faa28\" data-element_type=\"widget\" data-e-type=\"widget\" data-settings=\"{&quot;ekit_we_effect_on&quot;:&quot;none&quot;}\" data-widget_type=\"shortcode.default\">\n\t\t\t\t<div class=\"elementor-widget-container\">\n\t\t\t\t\t\t\t<div class=\"elementor-shortcode\"><div class=\"_df_book df-lite\" id=\"df_7108\"  _slug=\"5-anexo-sistematizacion-empleo\" data-title=\"5-anexo-sistematizacion-empleo\" wpoptions=\"true\" thumbtype=\"\" ><\/div><script class=\"df-shortcode-script\" nowprocket type=\"application\/javascript\">window.option_df_7108 = {\"outline\":[],\"backgroundColor\":\"#fff\",\"autoEnableOutline\":\"false\",\"autoEnableThumbnail\":\"false\",\"overwritePDFOutline\":\"false\",\"direction\":\"1\",\"pageSize\":\"1\",\"pageMode\":\"1\",\"source\":\"https:\\\/\\\/lameejr.com\\\/wp-content\\\/uploads\\\/2026\\\/02\\\/5.-Anexo.-Sistematizacion-empleo.pdf\",\"wpOptions\":\"true\"}; if(window.DFLIP && window.DFLIP.parseBooks){window.DFLIP.parseBooks();}<\/script><\/div>\n\t\t\t\t\t\t<\/div>\n\t\t\t\t<\/div>\n\t\t\t\t\t<\/div>\n\t\t\t\t<\/div>\n\t\t<div class=\"elementor-element elementor-element-a8dfaf4 e-flex e-con-boxed e-con e-parent\" data-id=\"a8dfaf4\" data-element_type=\"container\" data-e-type=\"container\" data-settings=\"{&quot;ekit_has_onepagescroll_dot&quot;:&quot;yes&quot;}\">\n\t\t\t\t\t<div class=\"e-con-inner\">\n\t\t<div class=\"elementor-element elementor-element-4dae331 e-con-full e-flex e-con e-child\" data-id=\"4dae331\" data-element_type=\"container\" data-e-type=\"container\" data-settings=\"{&quot;ekit_has_onepagescroll_dot&quot;:&quot;yes&quot;}\">\n\t\t<div class=\"elementor-element elementor-element-d51bc72 e-con-full e-flex e-con e-child\" data-id=\"d51bc72\" data-element_type=\"container\" data-e-type=\"container\" data-settings=\"{&quot;background_background&quot;:&quot;classic&quot;,&quot;ekit_has_onepagescroll_dot&quot;:&quot;yes&quot;}\">\n\t\t<div class=\"elementor-element elementor-element-18b9070 e-con-full e-flex e-con e-child\" data-id=\"18b9070\" data-element_type=\"container\" data-e-type=\"container\" data-settings=\"{&quot;ekit_has_onepagescroll_dot&quot;:&quot;yes&quot;}\">\n\t\t\t\t<div class=\"elementor-element elementor-element-af1074c elementor-widget-divider--view-line elementor-widget elementor-widget-divider\" data-id=\"af1074c\" data-element_type=\"widget\" data-e-type=\"widget\" data-settings=\"{&quot;ekit_we_effect_on&quot;:&quot;none&quot;}\" data-widget_type=\"divider.default\">\n\t\t\t\t<div class=\"elementor-widget-container\">\n\t\t\t\t\t\t\t<div class=\"elementor-divider\">\n\t\t\t<span class=\"elementor-divider-separator\">\n\t\t\t\t\t\t<\/span>\n\t\t<\/div>\n\t\t\t\t\t\t<\/div>\n\t\t\t\t<\/div>\n\t\t\t\t<div class=\"elementor-element elementor-element-1120854 elementor-widget elementor-widget-heading\" data-id=\"1120854\" data-element_type=\"widget\" data-e-type=\"widget\" data-settings=\"{&quot;ekit_we_effect_on&quot;:&quot;none&quot;}\" data-widget_type=\"heading.default\">\n\t\t\t\t<div class=\"elementor-widget-container\">\n\t\t\t\t\t<h2 class=\"elementor-heading-title elementor-size-default\">Plan Estrat\u00e9gico de la MEEJR <\/h2>\t\t\t\t<\/div>\n\t\t\t\t<\/div>\n\t\t\t\t<div class=\"elementor-element elementor-element-8db3e46 elementor-widget-tablet__width-initial elementor-widget elementor-widget-text-editor\" data-id=\"8db3e46\" data-element_type=\"widget\" data-e-type=\"widget\" data-settings=\"{&quot;ekit_we_effect_on&quot;:&quot;none&quot;}\" data-widget_type=\"text-editor.default\">\n\t\t\t\t<div class=\"elementor-widget-container\">\n\t\t\t\t\t\t\t\t\t<p>El <strong>Plan Estrat\u00e9gico de la MEEJR<\/strong> es la br\u00fajula que construimos junto a las juventudes rurales para so\u00f1ar y transformar nuestros territorios. Aqu\u00ed reunimos las l\u00edneas que nos mueven, las acciones que impulsamos y las metas que queremos alcanzar como organizaci\u00f3n juvenil rural en Colombia. Este plan refleja nuestra fuerza colectiva, nuestras apuestas por el campo y el compromiso de seguir creando oportunidades, participaci\u00f3n e impacto real desde y para las juventudes rurales.<\/p>\t\t\t\t\t\t\t\t<\/div>\n\t\t\t\t<\/div>\n\t\t\t\t<div class=\"elementor-element elementor-element-a56ea47 elementor-widget elementor-widget-shortcode\" data-id=\"a56ea47\" data-element_type=\"widget\" data-e-type=\"widget\" data-settings=\"{&quot;ekit_we_effect_on&quot;:&quot;none&quot;}\" data-widget_type=\"shortcode.default\">\n\t\t\t\t<div class=\"elementor-widget-container\">\n\t\t\t\t\t\t\t<div class=\"elementor-shortcode\">\t<div class=\"_df_book df-lite\" id=\"df_6372\"  _slug=\"plan-estrategico-meejr\" data-title=\"plan-estrategico-meejr\" wpoptions=\"true\" thumb=\"https:\/\/lameejr.com\/wp-content\/uploads\/2025\/12\/082818.png\" thumbtype=\"\" ><\/div><script class=\"df-shortcode-script\" nowprocket type=\"application\/javascript\">window.option_df_6372 = {\"outline\":[],\"backgroundColor\":\"#fff\",\"autoEnableOutline\":\"false\",\"autoEnableThumbnail\":\"false\",\"overwritePDFOutline\":\"false\",\"direction\":\"1\",\"pageSize\":\"0\",\"source\":\"https:\\\/\\\/lameejr.com\\\/wp-content\\\/uploads\\\/2025\\\/12\\\/Plan-estrategico-MEEJR.pdf\",\"wpOptions\":\"true\"}; if(window.DFLIP && window.DFLIP.parseBooks){window.DFLIP.parseBooks();}<\/script><\/div>\n\t\t\t\t\t\t<\/div>\n\t\t\t\t<\/div>\n\t\t\t\t<\/div>\n\t\t\t\t<\/div>\n\t\t\t\t<\/div>\n\t\t\t\t\t<\/div>\n\t\t\t\t<\/div>\n\t\t\t\t<\/div>","protected":false},"excerpt":{"rendered":"<p>Empleabilidad Correo electr\u00f3nico: empleabilidad@lameejr.com Bienvenidos a esta l\u00ednea estrat\u00e9gica donde trabajamos por el empleo digno, las oportunidades reales y el fortalecimiento econ\u00f3mico de las juventudes rurales en Colombia. Desde la MEEJR impulsamos procesos que conectan a los y las j\u00f3venes del campo con formaci\u00f3n, habilidades, herramientas y rutas laborales adaptadas a sus territorios. En 2024 [&hellip;]<\/p>\n","protected":false},"author":1,"featured_media":0,"parent":717,"menu_order":0,"comment_status":"closed","ping_status":"closed","template":"","meta":{"site-sidebar-layout":"no-sidebar","site-content-layout":"page-builder","ast-site-content-layout":"default","site-content-style":"default","site-sidebar-style":"default","ast-global-header-display":"","ast-banner-title-visibility":"","ast-main-header-display":"","ast-hfb-above-header-display":"","ast-hfb-below-header-display":"","ast-hfb-mobile-header-display":"","site-post-title":"disabled","ast-breadcrumbs-content":"","ast-featured-img":"disabled","footer-sml-layout":"","ast-disable-related-posts":"","theme-transparent-header-meta":"enabled","adv-header-id-meta":"","stick-header-meta":"","header-above-stick-meta":"","header-main-stick-meta":"","header-below-stick-meta":"","astra-migrate-meta-layouts":"default","ast-page-background-enabled":"default","ast-page-background-meta":{"desktop":{"background-color":"","background-image":"","background-repeat":"repeat","background-position":"center center","background-size":"auto","background-attachment":"scroll","background-type":"","background-media":"","overlay-type":"","overlay-color":"","overlay-opacity":"","overlay-gradient":""},"tablet":{"background-color":"","background-image":"","background-repeat":"repeat","background-position":"center center","background-size":"auto","background-attachment":"scroll","background-type":"","background-media":"","overlay-type":"","overlay-color":"","overlay-opacity":"","overlay-gradient":""},"mobile":{"background-color":"","background-image":"","background-repeat":"repeat","background-position":"center center","background-size":"auto","background-attachment":"scroll","background-type":"","background-media":"","overlay-type":"","overlay-color":"","overlay-opacity":"","overlay-gradient":""}},"ast-content-background-meta":{"desktop":{"background-color":"var(--ast-global-color-5)","background-image":"","background-repeat":"repeat","background-position":"center center","background-size":"auto","background-attachment":"scroll","background-type":"","background-media":"","overlay-type":"","overlay-color":"","overlay-opacity":"","overlay-gradient":""},"tablet":{"background-color":"var(--ast-global-color-5)","background-image":"","background-repeat":"repeat","background-position":"center center","background-size":"auto","background-attachment":"scroll","background-type":"","background-media":"","overlay-type":"","overlay-color":"","overlay-opacity":"","overlay-gradient":""},"mobile":{"background-color":"var(--ast-global-color-5)","background-image":"","background-repeat":"repeat","background-position":"center center","background-size":"auto","background-attachment":"scroll","background-type":"","background-media":"","overlay-type":"","overlay-color":"","overlay-opacity":"","overlay-gradient":""}},"footnotes":""},"class_list":["post-6420","page","type-page","status-publish","hentry"],"aioseo_notices":[],"_links":{"self":[{"href":"https:\/\/lameejr.com\/en\/wp-json\/wp\/v2\/pages\/6420","targetHints":{"allow":["GET"]}}],"collection":[{"href":"https:\/\/lameejr.com\/en\/wp-json\/wp\/v2\/pages"}],"about":[{"href":"https:\/\/lameejr.com\/en\/wp-json\/wp\/v2\/types\/page"}],"author":[{"embeddable":true,"href":"https:\/\/lameejr.com\/en\/wp-json\/wp\/v2\/users\/1"}],"replies":[{"embeddable":true,"href":"https:\/\/lameejr.com\/en\/wp-json\/wp\/v2\/comments?post=6420"}],"version-history":[{"count":22,"href":"https:\/\/lameejr.com\/en\/wp-json\/wp\/v2\/pages\/6420\/revisions"}],"predecessor-version":[{"id":7113,"href":"https:\/\/lameejr.com\/en\/wp-json\/wp\/v2\/pages\/6420\/revisions\/7113"}],"up":[{"embeddable":true,"href":"https:\/\/lameejr.com\/en\/wp-json\/wp\/v2\/pages\/717"}],"wp:attachment":[{"href":"https:\/\/lameejr.com\/en\/wp-json\/wp\/v2\/media?parent=6420"}],"curies":[{"name":"wp","href":"https:\/\/api.w.org\/{rel}","templated":true}]}}