{"id":3170,"date":"2024-01-18T23:16:48","date_gmt":"2024-01-18T22:16:48","guid":{"rendered":"https:\/\/lameejr.com\/?page_id=3170"},"modified":"2024-03-14T12:07:20","modified_gmt":"2024-03-14T17:07:20","slug":"blog","status":"publish","type":"page","link":"https:\/\/lameejr.com\/en\/blog\/","title":{"rendered":"Blog"},"content":{"rendered":"<div data-elementor-type=\"wp-page\" data-elementor-id=\"3170\" class=\"elementor elementor-3170\" wpc-filter-elementor-widget=\"1\" data-elementor-post-type=\"page\">\n\t\t\t\t<div class=\"elementor-element elementor-element-140b294 elementor-hidden-desktop elementor-hidden-tablet elementor-hidden-mobile e-flex e-con-boxed e-con e-parent\" data-id=\"140b294\" data-element_type=\"container\" data-e-type=\"container\" data-settings=\"{&quot;ekit_has_onepagescroll_dot&quot;:&quot;yes&quot;}\">\n\t\t\t\t\t<div class=\"e-con-inner\">\n\t\t\t\t<div class=\"elementor-element elementor-element-8998539 elementor--h-position-center elementor--v-position-middle elementor-arrows-position-inside elementor-pagination-position-inside elementor-widget elementor-widget-slides\" data-id=\"8998539\" data-element_type=\"widget\" data-e-type=\"widget\" data-settings=\"{&quot;navigation&quot;:&quot;both&quot;,&quot;autoplay&quot;:&quot;yes&quot;,&quot;pause_on_hover&quot;:&quot;yes&quot;,&quot;pause_on_interaction&quot;:&quot;yes&quot;,&quot;autoplay_speed&quot;:5000,&quot;infinite&quot;:&quot;yes&quot;,&quot;transition&quot;:&quot;slide&quot;,&quot;transition_speed&quot;:500,&quot;ekit_we_effect_on&quot;:&quot;none&quot;}\" data-widget_type=\"slides.default\">\n\t\t\t\t<div class=\"elementor-widget-container\">\n\t\t\t\t\t\t\t\t\t<div class=\"elementor-swiper\">\n\t\t\t\t\t<div class=\"elementor-slides-wrapper elementor-main-swiper swiper\" role=\"region\" aria-roledescription=\"carousel\" aria-label=\"Slides\" dir=\"ltr\" data-animation=\"fadeInUp\">\n\t\t\t\t<div class=\"swiper-wrapper elementor-slides\">\n\t\t\t\t\t\t\t\t\t\t<div class=\"elementor-repeater-item-05183d3 swiper-slide\" role=\"group\" aria-roledescription=\"slide\"><div class=\"swiper-slide-bg\" role=\"img\" aria-label=\"rol-juventudes-rurales\"><\/div><div class=\"elementor-background-overlay\"><\/div><a class=\"swiper-slide-inner\" href=\"https:\/\/lameejr.com\/en\/cual-es-el-rol-de-las-juventudes-rurales\/\"><div class=\"swiper-slide-contents\"><div class=\"elementor-slide-heading\">Protagonistas del Cambio en sus Territorios<\/div><div class=\"elementor-slide-description\">En el coraz\u00f3n de la transformaci\u00f3n rural, se encuentran las juventudes que, con su energ\u00eda y compromiso, est\u00e1n liderando movimientos fundamentales. <\/div><div  class=\"elementor-button elementor-slide-button elementor-size-sm\">Click Here<\/div><\/div><\/a><\/div><div class=\"elementor-repeater-item-f65270f swiper-slide\" role=\"group\" aria-roledescription=\"slide\"><div class=\"swiper-slide-bg\" role=\"img\" aria-label=\"IMG_8933\"><\/div><div class=\"elementor-background-overlay\"><\/div><a class=\"swiper-slide-inner\" href=\"https:\/\/lameejr.com\/en\/participacion-activa-como-la-juventud-rural-de-colombia-modela-el-futuro-del-desarrollo\/\"><div class=\"swiper-slide-contents\"><div class=\"elementor-slide-heading\">Participaci\u00f3n Activa: C\u00f3mo las Juventudes Modelan el Futuro del Desarrollo Rural<\/div><div class=\"elementor-slide-description\"> Explora c\u00f3mo su participaci\u00f3n activa y compromiso est\u00e1n transformando comunidades y construyendo un futuro sostenible en el campo.<\/div><div  class=\"elementor-button elementor-slide-button elementor-size-sm\">Click Here<\/div><\/div><\/a><\/div><div class=\"elementor-repeater-item-dde03c5 swiper-slide\" role=\"group\" aria-roledescription=\"slide\"><div class=\"swiper-slide-bg\" role=\"img\" aria-label=\"IMG_9078\"><\/div><div class=\"elementor-background-overlay\"><\/div><div class=\"swiper-slide-inner\" ><div class=\"swiper-slide-contents\"><div class=\"elementor-slide-heading\">Sostenibilidad Ambiental: La Contribuci\u00f3n de las Juventudes Rurales<\/div><div class=\"elementor-slide-description\">Explora c\u00f3mo las juventudes rurales est\u00e1n liderando iniciativas innovadoras para promover la sostenibilidad ambiental en sus comunidades.<\/div><div  class=\"elementor-button elementor-slide-button elementor-size-sm\">Click Here<\/div><\/div><\/div><\/div>\t\t\t\t<\/div>\n\t\t\t\t\t\t\t\t\t\t\t\t\t\t\t<div class=\"elementor-swiper-button elementor-swiper-button-prev\" role=\"button\" tabindex=\"0\" aria-label=\"Previous slide\" data-no-translation-aria-label=\"\">\n\t\t\t\t\t\t\t<svg aria-hidden=\"true\" class=\"e-font-icon-svg e-eicon-chevron-left\" viewbox=\"0 0 1000 1000\" xmlns=\"http:\/\/www.w3.org\/2000\/svg\"><path d=\"M646 125C629 125 613 133 604 142L308 442C296 454 292 471 292 487 292 504 296 521 308 533L604 854C617 867 629 875 646 875 663 875 679 871 692 858 704 846 713 829 713 812 713 796 708 779 692 767L438 487 692 225C700 217 708 204 708 187 708 171 704 154 692 142 675 129 663 125 646 125Z\"><\/path><\/svg>\t\t\t\t\t\t<\/div>\n\t\t\t\t\t\t<div class=\"elementor-swiper-button elementor-swiper-button-next\" role=\"button\" tabindex=\"0\" aria-label=\"Next slide\" data-no-translation-aria-label=\"\">\n\t\t\t\t\t\t\t<svg aria-hidden=\"true\" class=\"e-font-icon-svg e-eicon-chevron-right\" viewbox=\"0 0 1000 1000\" xmlns=\"http:\/\/www.w3.org\/2000\/svg\"><path d=\"M696 533C708 521 713 504 713 487 713 471 708 454 696 446L400 146C388 133 375 125 354 125 338 125 325 129 313 142 300 154 292 171 292 187 292 204 296 221 308 233L563 492 304 771C292 783 288 800 288 817 288 833 296 850 308 863 321 871 338 875 354 875 371 875 388 867 400 854L696 533Z\"><\/path><\/svg>\t\t\t\t\t\t<\/div>\n\t\t\t\t\t\t\t\t\t\t\t\t\t\t\t\t<div class=\"swiper-pagination\"><\/div>\n\t\t\t\t\t\t\t\t\t\t\t\t<\/div>\n\t\t\t\t<\/div>\n\t\t\t\t\t\t\t\t<\/div>\n\t\t\t\t<\/div>\n\t\t\t\t\t<\/div>\n\t\t\t\t<\/div>\n\t\t<div class=\"elementor-element elementor-element-50fb507 e-flex e-con-boxed e-con e-parent\" data-id=\"50fb507\" data-element_type=\"container\" data-e-type=\"container\" data-settings=\"{&quot;ekit_has_onepagescroll_dot&quot;:&quot;yes&quot;}\">\n\t\t\t\t\t<div class=\"e-con-inner\">\n\t\t\t\t<div class=\"elementor-element elementor-element-82dc63d elementor-widget elementor-widget-heading\" data-id=\"82dc63d\" data-element_type=\"widget\" data-e-type=\"widget\" data-settings=\"{&quot;ekit_we_effect_on&quot;:&quot;none&quot;}\" data-widget_type=\"heading.default\">\n\t\t\t\t<div class=\"elementor-widget-container\">\n\t\t\t\t\t<h1 class=\"elementor-heading-title elementor-size-default\">Blog de Inspiraci\u00f3n para j\u00f3venes<\/h1>\t\t\t\t<\/div>\n\t\t\t\t<\/div>\n\t\t\t\t\t<\/div>\n\t\t\t\t<\/div>\n\t\t<div class=\"elementor-element elementor-element-27e3d1b e-flex e-con-boxed e-con e-parent\" data-id=\"27e3d1b\" data-element_type=\"container\" data-e-type=\"container\" data-settings=\"{&quot;ekit_has_onepagescroll_dot&quot;:&quot;yes&quot;}\">\n\t\t\t\t\t<div class=\"e-con-inner\">\n\t\t\t\t<div class=\"elementor-element elementor-element-1c2a58b elementor-widget elementor-widget-text-editor\" data-id=\"1c2a58b\" data-element_type=\"widget\" data-e-type=\"widget\" data-settings=\"{&quot;ekit_we_effect_on&quot;:&quot;none&quot;}\" data-widget_type=\"text-editor.default\">\n\t\t\t\t<div class=\"elementor-widget-container\">\n\t\t\t\t\t\t\t\t\t<p>Explora nuestro Blog en La MEEJR. Mantente al tanto de las \u00faltimas noticias, historias inspiradoras y tendencias que afectan a la juventud <em>rural<\/em>.<\/p>\t\t\t\t\t\t\t\t<\/div>\n\t\t\t\t<\/div>\n\t\t\t\t\t<\/div>\n\t\t\t\t<\/div>\n\t\t<div class=\"elementor-element elementor-element-06e09e1 e-flex e-con-boxed e-con e-parent\" data-id=\"06e09e1\" data-element_type=\"container\" data-e-type=\"container\" data-settings=\"{&quot;ekit_has_onepagescroll_dot&quot;:&quot;yes&quot;}\">\n\t\t\t\t\t<div class=\"e-con-inner\">\n\t\t\t\t<div class=\"elementor-element elementor-element-fb96182 elementor-grid-3 elementor-grid-tablet-2 elementor-grid-mobile-1 elementor-posts--thumbnail-top elementor-widget elementor-widget-posts\" data-id=\"fb96182\" data-element_type=\"widget\" data-e-type=\"widget\" data-settings=\"{&quot;classic_columns&quot;:&quot;3&quot;,&quot;classic_columns_tablet&quot;:&quot;2&quot;,&quot;classic_columns_mobile&quot;:&quot;1&quot;,&quot;classic_row_gap&quot;:{&quot;unit&quot;:&quot;px&quot;,&quot;size&quot;:35,&quot;sizes&quot;:[]},&quot;classic_row_gap_tablet&quot;:{&quot;unit&quot;:&quot;px&quot;,&quot;size&quot;:&quot;&quot;,&quot;sizes&quot;:[]},&quot;classic_row_gap_mobile&quot;:{&quot;unit&quot;:&quot;px&quot;,&quot;size&quot;:&quot;&quot;,&quot;sizes&quot;:[]},&quot;ekit_we_effect_on&quot;:&quot;none&quot;}\" data-widget_type=\"posts.classic\">\n\t\t\t\t<div class=\"elementor-widget-container\">\n\t\t\t\t\t\t\t<div class=\"elementor-posts-container elementor-posts elementor-posts--skin-classic elementor-grid\" role=\"list\">\n\t\t\t\t<article class=\"elementor-post elementor-grid-item post-4468 post type-post status-publish format-standard has-post-thumbnail hentry category-blog\" role=\"listitem\">\n\t\t\t\t<a class=\"elementor-post__thumbnail__link\" href=\"https:\/\/lameejr.com\/en\/empoderando-a-la-juventud-del-putumayo\/\" tabindex=\"-1\" >\n\t\t\t<div class=\"elementor-post__thumbnail\"><img fetchpriority=\"high\" decoding=\"async\" width=\"2560\" height=\"1707\" src=\"https:\/\/lameejr.com\/wp-content\/uploads\/2024\/02\/la-meejr-mision-putumayo.webp\" class=\"attachment-medium size-medium wp-image-4496\" alt=\"\" srcset=\"https:\/\/lameejr.com\/wp-content\/uploads\/2024\/02\/la-meejr-mision-putumayo.webp 2560w, https:\/\/lameejr.com\/wp-content\/uploads\/2024\/02\/la-meejr-mision-putumayo-768x512.webp 768w, https:\/\/lameejr.com\/wp-content\/uploads\/2024\/02\/la-meejr-mision-putumayo-1536x1024.webp 1536w, https:\/\/lameejr.com\/wp-content\/uploads\/2024\/02\/la-meejr-mision-putumayo-2048x1366.webp 2048w, https:\/\/lameejr.com\/wp-content\/uploads\/2024\/02\/la-meejr-mision-putumayo-600x400.webp 600w\" sizes=\"(max-width: 2560px) 100vw, 2560px\" \/><\/div>\n\t\t<\/a>\n\t\t\t\t<div class=\"elementor-post__text\">\n\t\t\t\t<h3 class=\"elementor-post__title\">\n\t\t\t<a href=\"https:\/\/lameejr.com\/en\/empoderando-a-la-juventud-del-putumayo\/\" >\n\t\t\t\tEmpoderando a la juventud del Putumayo: El campo en movimiento\t\t\t<\/a>\n\t\t<\/h3>\n\t\t\t\t<div class=\"elementor-post__meta-data\">\n\t\t\t\t\t<span class=\"elementor-post-date\">\n\t\t\t25 de January de 2024\t\t<\/span>\n\t\t\t\t<span class=\"elementor-post-avatar\">\n\t\t\tNo Comments\t\t<\/span>\n\t\t\t\t<\/div>\n\t\t\n\t\t<a class=\"elementor-post__read-more\" href=\"https:\/\/lameejr.com\/en\/empoderando-a-la-juventud-del-putumayo\/\" aria-label=\"Read more about Empoderando a la juventud del Putumayo: El campo en movimiento\" tabindex=\"-1\" >\n\t\t\tRead More \u00bb\t\t<\/a>\n\n\t\t\t\t<\/div>\n\t\t\t\t<\/article>\n\t\t\t\t<article class=\"elementor-post elementor-grid-item post-3559 post type-post status-publish format-standard has-post-thumbnail hentry category-blog\" role=\"listitem\">\n\t\t\t\t<a class=\"elementor-post__thumbnail__link\" href=\"https:\/\/lameejr.com\/en\/participacion-activa-como-la-juventud-rural-de-colombia-modela-el-futuro-del-desarrollo\/\" tabindex=\"-1\" >\n\t\t\t<div class=\"elementor-post__thumbnail\"><img decoding=\"async\" width=\"2560\" height=\"1707\" src=\"https:\/\/lameejr.com\/wp-content\/uploads\/2024\/01\/participacion-activa-jovenes-futuro-del-desarrollo-rural-scaled.jpg\" class=\"attachment-medium size-medium wp-image-3560\" alt=\"\" srcset=\"https:\/\/lameejr.com\/wp-content\/uploads\/2024\/01\/participacion-activa-jovenes-futuro-del-desarrollo-rural-scaled.jpg 2560w, https:\/\/lameejr.com\/wp-content\/uploads\/2024\/01\/participacion-activa-jovenes-futuro-del-desarrollo-rural-768x512.jpg 768w, https:\/\/lameejr.com\/wp-content\/uploads\/2024\/01\/participacion-activa-jovenes-futuro-del-desarrollo-rural-1536x1024.jpg 1536w, https:\/\/lameejr.com\/wp-content\/uploads\/2024\/01\/participacion-activa-jovenes-futuro-del-desarrollo-rural-2048x1365.jpg 2048w, https:\/\/lameejr.com\/wp-content\/uploads\/2024\/01\/participacion-activa-jovenes-futuro-del-desarrollo-rural-600x400.jpg 600w\" sizes=\"(max-width: 2560px) 100vw, 2560px\" \/><\/div>\n\t\t<\/a>\n\t\t\t\t<div class=\"elementor-post__text\">\n\t\t\t\t<h3 class=\"elementor-post__title\">\n\t\t\t<a href=\"https:\/\/lameejr.com\/en\/participacion-activa-como-la-juventud-rural-de-colombia-modela-el-futuro-del-desarrollo\/\" >\n\t\t\t\tParticipaci\u00f3n activa: C\u00f3mo la juventud rural de Colombia modela el futuro del desarrollo\t\t\t<\/a>\n\t\t<\/h3>\n\t\t\t\t<div class=\"elementor-post__meta-data\">\n\t\t\t\t\t<span class=\"elementor-post-date\">\n\t\t\t16 de January de 2024\t\t<\/span>\n\t\t\t\t<span class=\"elementor-post-avatar\">\n\t\t\tNo Comments\t\t<\/span>\n\t\t\t\t<\/div>\n\t\t\n\t\t<a class=\"elementor-post__read-more\" href=\"https:\/\/lameejr.com\/en\/participacion-activa-como-la-juventud-rural-de-colombia-modela-el-futuro-del-desarrollo\/\" aria-label=\"Read more about Participaci\u00f3n activa: C\u00f3mo la juventud rural de Colombia modela el futuro del desarrollo\" tabindex=\"-1\" >\n\t\t\tRead More \u00bb\t\t<\/a>\n\n\t\t\t\t<\/div>\n\t\t\t\t<\/article>\n\t\t\t\t<article class=\"elementor-post elementor-grid-item post-3532 post type-post status-publish format-standard has-post-thumbnail hentry category-blog\" role=\"listitem\">\n\t\t\t\t<a class=\"elementor-post__thumbnail__link\" href=\"https:\/\/lameejr.com\/en\/sostenibilidad-ambiental-contribucion-juventudes-rurales\/\" tabindex=\"-1\" >\n\t\t\t<div class=\"elementor-post__thumbnail\"><img decoding=\"async\" width=\"2560\" height=\"1708\" src=\"https:\/\/lameejr.com\/wp-content\/uploads\/2024\/01\/joven-rural-medio-ambiente-scaled.jpeg\" class=\"attachment-medium size-medium wp-image-3534\" alt=\"\" srcset=\"https:\/\/lameejr.com\/wp-content\/uploads\/2024\/01\/joven-rural-medio-ambiente-scaled.jpeg 2560w, https:\/\/lameejr.com\/wp-content\/uploads\/2024\/01\/joven-rural-medio-ambiente-768x512.jpeg 768w, https:\/\/lameejr.com\/wp-content\/uploads\/2024\/01\/joven-rural-medio-ambiente-1536x1025.jpeg 1536w, https:\/\/lameejr.com\/wp-content\/uploads\/2024\/01\/joven-rural-medio-ambiente-2048x1366.jpeg 2048w, https:\/\/lameejr.com\/wp-content\/uploads\/2024\/01\/joven-rural-medio-ambiente-600x400.jpeg 600w\" sizes=\"(max-width: 2560px) 100vw, 2560px\" \/><\/div>\n\t\t<\/a>\n\t\t\t\t<div class=\"elementor-post__text\">\n\t\t\t\t<h3 class=\"elementor-post__title\">\n\t\t\t<a href=\"https:\/\/lameejr.com\/en\/sostenibilidad-ambiental-contribucion-juventudes-rurales\/\" >\n\t\t\t\tSostenibilidad ambiental: La contribuci\u00f3n de las juventudes rurales\t\t\t<\/a>\n\t\t<\/h3>\n\t\t\t\t<div class=\"elementor-post__meta-data\">\n\t\t\t\t\t<span class=\"elementor-post-date\">\n\t\t\t12 de January de 2024\t\t<\/span>\n\t\t\t\t<span class=\"elementor-post-avatar\">\n\t\t\tNo Comments\t\t<\/span>\n\t\t\t\t<\/div>\n\t\t\n\t\t<a class=\"elementor-post__read-more\" href=\"https:\/\/lameejr.com\/en\/sostenibilidad-ambiental-contribucion-juventudes-rurales\/\" aria-label=\"Read more about Sostenibilidad ambiental: La contribuci\u00f3n de las juventudes rurales\" tabindex=\"-1\" >\n\t\t\tRead More \u00bb\t\t<\/a>\n\n\t\t\t\t<\/div>\n\t\t\t\t<\/article>\n\t\t\t\t<article class=\"elementor-post elementor-grid-item post-3335 post type-post status-publish format-standard has-post-thumbnail hentry category-blog\" role=\"listitem\">\n\t\t\t\t<a class=\"elementor-post__thumbnail__link\" href=\"https:\/\/lameejr.com\/en\/cual-es-el-rol-de-las-juventudes-rurales\/\" tabindex=\"-1\" >\n\t\t\t<div class=\"elementor-post__thumbnail\"><img loading=\"lazy\" decoding=\"async\" width=\"2560\" height=\"1707\" src=\"https:\/\/lameejr.com\/wp-content\/uploads\/2024\/01\/rol-juventudes-rurales-scaled.jpg\" class=\"attachment-medium size-medium wp-image-3515\" alt=\"\" srcset=\"https:\/\/lameejr.com\/wp-content\/uploads\/2024\/01\/rol-juventudes-rurales-scaled.jpg 2560w, https:\/\/lameejr.com\/wp-content\/uploads\/2024\/01\/rol-juventudes-rurales-768x512.jpg 768w, https:\/\/lameejr.com\/wp-content\/uploads\/2024\/01\/rol-juventudes-rurales-1536x1024.jpg 1536w, https:\/\/lameejr.com\/wp-content\/uploads\/2024\/01\/rol-juventudes-rurales-2048x1365.jpg 2048w, https:\/\/lameejr.com\/wp-content\/uploads\/2024\/01\/rol-juventudes-rurales-600x400.jpg 600w\" sizes=\"(max-width: 2560px) 100vw, 2560px\" \/><\/div>\n\t\t<\/a>\n\t\t\t\t<div class=\"elementor-post__text\">\n\t\t\t\t<h3 class=\"elementor-post__title\">\n\t\t\t<a href=\"https:\/\/lameejr.com\/en\/cual-es-el-rol-de-las-juventudes-rurales\/\" >\n\t\t\t\tConoce c\u00faal es el rol de las juventudes protagonistas de la transformaci\u00f3n rural.\t\t\t<\/a>\n\t\t<\/h3>\n\t\t\t\t<div class=\"elementor-post__meta-data\">\n\t\t\t\t\t<span class=\"elementor-post-date\">\n\t\t\t8 de January de 2024\t\t<\/span>\n\t\t\t\t<span class=\"elementor-post-avatar\">\n\t\t\tNo Comments\t\t<\/span>\n\t\t\t\t<\/div>\n\t\t\n\t\t<a class=\"elementor-post__read-more\" href=\"https:\/\/lameejr.com\/en\/cual-es-el-rol-de-las-juventudes-rurales\/\" aria-label=\"Read more about Conoce c\u00faal es el rol de las juventudes protagonistas de la transformaci\u00f3n rural.\" tabindex=\"-1\" >\n\t\t\tRead More \u00bb\t\t<\/a>\n\n\t\t\t\t<\/div>\n\t\t\t\t<\/article>\n\t\t\t\t<article class=\"elementor-post elementor-grid-item post-3749 post type-post status-publish format-standard has-post-thumbnail hentry category-blog\" role=\"listitem\">\n\t\t\t\t<a class=\"elementor-post__thumbnail__link\" href=\"https:\/\/lameejr.com\/en\/caracterizacion\/\" tabindex=\"-1\" >\n\t\t\t<div class=\"elementor-post__thumbnail\"><img loading=\"lazy\" decoding=\"async\" width=\"1280\" height=\"853\" src=\"https:\/\/lameejr.com\/wp-content\/uploads\/2024\/01\/309841167_418363490441838_721698349307743140_n-2.jpg\" class=\"attachment-medium size-medium wp-image-3764\" alt=\"\" srcset=\"https:\/\/lameejr.com\/wp-content\/uploads\/2024\/01\/309841167_418363490441838_721698349307743140_n-2.jpg 1280w, https:\/\/lameejr.com\/wp-content\/uploads\/2024\/01\/309841167_418363490441838_721698349307743140_n-2-768x512.jpg 768w, https:\/\/lameejr.com\/wp-content\/uploads\/2024\/01\/309841167_418363490441838_721698349307743140_n-2-600x400.jpg 600w\" sizes=\"(max-width: 1280px) 100vw, 1280px\" \/><\/div>\n\t\t<\/a>\n\t\t\t\t<div class=\"elementor-post__text\">\n\t\t\t\t<h3 class=\"elementor-post__title\">\n\t\t\t<a href=\"https:\/\/lameejr.com\/en\/caracterizacion\/\" >\n\t\t\t\tProfiling MEEJR\t\t\t<\/a>\n\t\t<\/h3>\n\t\t\t\t<div class=\"elementor-post__meta-data\">\n\t\t\t\t\t<span class=\"elementor-post-date\">\n\t\t\t28 de December de 2023\t\t<\/span>\n\t\t\t\t<span class=\"elementor-post-avatar\">\n\t\t\tNo Comments\t\t<\/span>\n\t\t\t\t<\/div>\n\t\t\n\t\t<a class=\"elementor-post__read-more\" href=\"https:\/\/lameejr.com\/en\/caracterizacion\/\" aria-label=\"Read more about Caracterizaci\u00f3n La MEEJR\" tabindex=\"-1\" >\n\t\t\tRead More \u00bb\t\t<\/a>\n\n\t\t\t\t<\/div>\n\t\t\t\t<\/article>\n\t\t\t\t<\/div>\n\t\t\n\t\t\t\t\t\t<\/div>\n\t\t\t\t<\/div>\n\t\t\t\t<div class=\"elementor-element elementor-element-ed701ae elementor-cta--skin-classic elementor-animated-content elementor-bg-transform elementor-bg-transform-zoom-in elementor-widget elementor-widget-call-to-action\" data-id=\"ed701ae\" data-element_type=\"widget\" data-e-type=\"widget\" data-settings=\"{&quot;ekit_we_effect_on&quot;:&quot;none&quot;}\" data-widget_type=\"call-to-action.default\">\n\t\t\t\t<div class=\"elementor-widget-container\">\n\t\t\t\t\t\t\t<div class=\"elementor-cta\">\n\t\t\t\t\t<div class=\"elementor-cta__bg-wrapper\">\n\t\t\t\t<div class=\"elementor-cta__bg elementor-bg\" style=\"background-image: url(https:\/\/lameejr.com\/wp-content\/uploads\/2024\/02\/la-meejr-mujeres-rurales.webp);\" role=\"img\" aria-label=\"La MEEJR- Mujeres rurales\"><\/div>\n\t\t\t\t<div class=\"elementor-cta__bg-overlay\"><\/div>\n\t\t\t<\/div>\n\t\t\t\t\t\t\t<div class=\"elementor-cta__content\">\n\t\t\t\t\n\t\t\t\t\t\t\t\t\t<h3 class=\"elementor-cta__title elementor-cta__content-item elementor-content-item\">\n\t\t\t\t\t\tDescubre m\u00e1s articulos de utilidad\t\t\t\t\t<\/h3>\n\t\t\t\t\n\t\t\t\t\t\t\t\t\t<div class=\"elementor-cta__description elementor-cta__content-item elementor-content-item\">\n\t\t\t\t\t\tS\u00e9 parte activa del cambio. \u00a1Invol\u00facrate, aporta tus ideas y juntos construyamos un futuro promisorio para las juventud rural de Colombia! \t\t\t\t\t<\/div>\n\t\t\t\t\n\t\t\t\t\t\t\t\t\t<div class=\"elementor-cta__button-wrapper elementor-cta__content-item elementor-content-item\">\n\t\t\t\t\t<a class=\"elementor-cta__button elementor-button elementor-size-\" href=\"https:\/\/lameejr.com\/en\/boletin-joven-rural\/\">\n\t\t\t\t\t\tClick Here\t\t\t\t\t<\/a>\n\t\t\t\t\t<\/div>\n\t\t\t\t\t\t\t<\/div>\n\t\t\t\t\t\t<\/div>\n\t\t\t\t\t\t<\/div>\n\t\t\t\t<\/div>\n\t\t\t\t\t<\/div>\n\t\t\t\t<\/div>\n\t\t\t\t<\/div>","protected":false},"excerpt":{"rendered":"<p>Protagonistas del Cambio en sus TerritoriosEn el coraz\u00f3n de la transformaci\u00f3n rural, se encuentran las juventudes que, con su energ\u00eda y compromiso, est\u00e1n liderando movimientos fundamentales. Pulsa Aqu\u00edParticipaci\u00f3n Activa: C\u00f3mo las Juventudes Modelan el Futuro del Desarrollo Rural Explora c\u00f3mo su participaci\u00f3n activa y compromiso est\u00e1n transformando comunidades y construyendo un futuro sostenible en el<\/p>","protected":false},"author":1,"featured_media":0,"parent":0,"menu_order":0,"comment_status":"closed","ping_status":"closed","template":"","meta":{"site-sidebar-layout":"no-sidebar","site-content-layout":"page-builder","ast-site-content-layout":"full-width-container","site-content-style":"unboxed","site-sidebar-style":"unboxed","ast-global-header-display":"","ast-banner-title-visibility":"","ast-main-header-display":"","ast-hfb-above-header-display":"","ast-hfb-below-header-display":"","ast-hfb-mobile-header-display":"","site-post-title":"disabled","ast-breadcrumbs-content":"","ast-featured-img":"disabled","footer-sml-layout":"","ast-disable-related-posts":"","theme-transparent-header-meta":"","adv-header-id-meta":"","stick-header-meta":"","header-above-stick-meta":"","header-main-stick-meta":"","header-below-stick-meta":"","astra-migrate-meta-layouts":"set","ast-page-background-enabled":"default","ast-page-background-meta":{"desktop":{"background-color":"","background-image":"","background-repeat":"repeat","background-position":"center center","background-size":"auto","background-attachment":"scroll","background-type":"","background-media":"","overlay-type":"","overlay-color":"","overlay-opacity":"","overlay-gradient":""},"tablet":{"background-color":"","background-image":"","background-repeat":"repeat","background-position":"center center","background-size":"auto","background-attachment":"scroll","background-type":"","background-media":"","overlay-type":"","overlay-color":"","overlay-opacity":"","overlay-gradient":""},"mobile":{"background-color":"","background-image":"","background-repeat":"repeat","background-position":"center center","background-size":"auto","background-attachment":"scroll","background-type":"","background-media":"","overlay-type":"","overlay-color":"","overlay-opacity":"","overlay-gradient":""}},"ast-content-background-meta":{"desktop":{"background-color":"var(--ast-global-color-5)","background-image":"","background-repeat":"repeat","background-position":"center center","background-size":"auto","background-attachment":"scroll","background-type":"","background-media":"","overlay-type":"","overlay-color":"","overlay-opacity":"","overlay-gradient":""},"tablet":{"background-color":"var(--ast-global-color-5)","background-image":"","background-repeat":"repeat","background-position":"center center","background-size":"auto","background-attachment":"scroll","background-type":"","background-media":"","overlay-type":"","overlay-color":"","overlay-opacity":"","overlay-gradient":""},"mobile":{"background-color":"var(--ast-global-color-5)","background-image":"","background-repeat":"repeat","background-position":"center center","background-size":"auto","background-attachment":"scroll","background-type":"","background-media":"","overlay-type":"","overlay-color":"","overlay-opacity":"","overlay-gradient":""}},"footnotes":""},"class_list":["post-3170","page","type-page","status-publish","hentry"],"aioseo_notices":[],"_links":{"self":[{"href":"https:\/\/lameejr.com\/en\/wp-json\/wp\/v2\/pages\/3170","targetHints":{"allow":["GET"]}}],"collection":[{"href":"https:\/\/lameejr.com\/en\/wp-json\/wp\/v2\/pages"}],"about":[{"href":"https:\/\/lameejr.com\/en\/wp-json\/wp\/v2\/types\/page"}],"author":[{"embeddable":true,"href":"https:\/\/lameejr.com\/en\/wp-json\/wp\/v2\/users\/1"}],"replies":[{"embeddable":true,"href":"https:\/\/lameejr.com\/en\/wp-json\/wp\/v2\/comments?post=3170"}],"version-history":[{"count":36,"href":"https:\/\/lameejr.com\/en\/wp-json\/wp\/v2\/pages\/3170\/revisions"}],"predecessor-version":[{"id":5345,"href":"https:\/\/lameejr.com\/en\/wp-json\/wp\/v2\/pages\/3170\/revisions\/5345"}],"wp:attachment":[{"href":"https:\/\/lameejr.com\/en\/wp-json\/wp\/v2\/media?parent=3170"}],"curies":[{"name":"wp","href":"https:\/\/api.w.org\/{rel}","templated":true}]}}